{"id":115,"date":"2022-06-29T20:46:52","date_gmt":"2022-06-30T01:46:52","guid":{"rendered":"http:\/\/l62.b7d.mywebsitetransfer.com\/?page_id=115"},"modified":"2024-07-08T17:59:48","modified_gmt":"2024-07-08T22:59:48","slug":"historias","status":"publish","type":"page","link":"https:\/\/oficio.com.co\/en\/historias\/","title":{"rendered":"Stories"},"content":{"rendered":"<div data-elementor-type=\"wp-page\" data-elementor-id=\"115\" class=\"elementor elementor-115\" data-elementor-post-type=\"page\">\n\t\t\t\t\t\t<section class=\"elementor-section elementor-top-section elementor-element elementor-element-9bc5901 elementor-section-height-min-height elementor-section-items-top elementor-section-boxed elementor-section-height-default\" data-id=\"9bc5901\" data-element_type=\"section\" data-e-type=\"section\">\n\t\t\t\t\t\t<div class=\"elementor-container elementor-column-gap-default\">\n\t\t\t\t\t<div class=\"elementor-column elementor-col-100 elementor-top-column elementor-element elementor-element-5a10f55\" data-id=\"5a10f55\" data-element_type=\"column\" data-e-type=\"column\">\n\t\t\t<div class=\"elementor-widget-wrap elementor-element-populated\">\n\t\t\t\t\t\t<div class=\"elementor-element elementor-element-5a524e6 elementor-widget elementor-widget-heading\" data-id=\"5a524e6\" data-element_type=\"widget\" data-e-type=\"widget\" data-widget_type=\"heading.default\">\n\t\t\t\t<div class=\"elementor-widget-container\">\n\t\t\t\t\t<h2 class=\"elementor-heading-title elementor-size-default\">Procesos, personas y lugares.<\/h2>\t\t\t\t<\/div>\n\t\t\t\t<\/div>\n\t\t\t\t<div class=\"elementor-element elementor-element-67321e1 elementor-widget elementor-widget-text-editor\" data-id=\"67321e1\" data-element_type=\"widget\" data-e-type=\"widget\" data-widget_type=\"text-editor.default\">\n\t\t\t\t<div class=\"elementor-widget-container\">\n\t\t\t\t\t\t\t\t\t<p>Conoce m\u00e1s de lo que esta detr\u00e1s de nuestros objetos, la inspiraci\u00f3n y el trabajo con nuestros artesanos.<\/p>\t\t\t\t\t\t\t\t<\/div>\n\t\t\t\t<\/div>\n\t\t\t\t<div class=\"elementor-element elementor-element-4dd64aa elementor-grid-3 elementor-grid-tablet-2 elementor-grid-mobile-1 elementor-posts--thumbnail-top elementor-posts__hover-gradient load-more-align-center elementor-widget elementor-widget-posts\" data-id=\"4dd64aa\" data-element_type=\"widget\" data-e-type=\"widget\" data-settings=\"{&quot;pagination_type&quot;:&quot;load_more_on_click&quot;,&quot;cards_columns&quot;:&quot;3&quot;,&quot;cards_columns_tablet&quot;:&quot;2&quot;,&quot;cards_columns_mobile&quot;:&quot;1&quot;,&quot;cards_row_gap&quot;:{&quot;unit&quot;:&quot;px&quot;,&quot;size&quot;:35,&quot;sizes&quot;:[]},&quot;cards_row_gap_tablet&quot;:{&quot;unit&quot;:&quot;px&quot;,&quot;size&quot;:&quot;&quot;,&quot;sizes&quot;:[]},&quot;cards_row_gap_mobile&quot;:{&quot;unit&quot;:&quot;px&quot;,&quot;size&quot;:&quot;&quot;,&quot;sizes&quot;:[]},&quot;load_more_spinner&quot;:{&quot;value&quot;:&quot;fas fa-spinner&quot;,&quot;library&quot;:&quot;fa-solid&quot;}}\" data-widget_type=\"posts.cards\">\n\t\t\t\t<div class=\"elementor-widget-container\">\n\t\t\t\t\t\t\t<div class=\"elementor-posts-container elementor-posts elementor-posts--skin-cards elementor-grid\">\n\t\t\t\t<article class=\"elementor-post elementor-grid-item post-4401 post type-post status-publish format-standard has-post-thumbnail hentry category-novedades\">\n\t\t\t<div class=\"elementor-post__card\">\n\t\t\t\t<a class=\"elementor-post__thumbnail__link\" href=\"https:\/\/oficio.com.co\/en\/oficio-proyectos-hunters\/\" tabindex=\"-1\" ><div class=\"elementor-post__thumbnail\"><img fetchpriority=\"high\" decoding=\"async\" width=\"1000\" height=\"667\" src=\"https:\/\/oficio.com.co\/wp-content\/uploads\/2025\/06\/compressed__PRA3189_VSCO-1000x667.jpg\" class=\"attachment-medium size-medium wp-image-4422\" alt=\"\" srcset=\"https:\/\/oficio.com.co\/wp-content\/uploads\/2025\/06\/compressed__PRA3189_VSCO-1000x667.jpg 1000w, https:\/\/oficio.com.co\/wp-content\/uploads\/2025\/06\/compressed__PRA3189_VSCO-2024x1349.jpg 2024w, https:\/\/oficio.com.co\/wp-content\/uploads\/2025\/06\/compressed__PRA3189_VSCO-768x512.jpg 768w, https:\/\/oficio.com.co\/wp-content\/uploads\/2025\/06\/compressed__PRA3189_VSCO-1536x1024.jpg 1536w, https:\/\/oficio.com.co\/wp-content\/uploads\/2025\/06\/compressed__PRA3189_VSCO-18x12.jpg 18w, https:\/\/oficio.com.co\/wp-content\/uploads\/2025\/06\/compressed__PRA3189_VSCO-500x333.jpg 500w, https:\/\/oficio.com.co\/wp-content\/uploads\/2025\/06\/compressed__PRA3189_VSCO-400x267.jpg 400w, https:\/\/oficio.com.co\/wp-content\/uploads\/2025\/06\/compressed__PRA3189_VSCO.jpg 2048w\" sizes=\"(max-width: 1000px) 100vw, 1000px\" \/><\/div><\/a>\n\t\t\t\t<div class=\"elementor-post__text\">\n\t\t\t\t<h3 class=\"elementor-post__title\">\n\t\t\t<a href=\"https:\/\/oficio.com.co\/en\/oficio-proyectos-hunters\/\" >\n\t\t\t\tLa Doble Elle: dise\u00f1o con historia y nuevas formas de habitar\t\t\t<\/a>\n\t\t<\/h3>\n\t\t\t\t\t<div class=\"elementor-post__read-more-wrapper\">\n\t\t\n\t\t<a class=\"elementor-post__read-more\" href=\"https:\/\/oficio.com.co\/en\/oficio-proyectos-hunters\/\" aria-label=\"Read more about La Doble Elle: dise\u00f1o con historia y nuevas formas de habitar\" tabindex=\"-1\" >\n\t\t\tLeer m\u00e1s\t\t<\/a>\n\n\t\t\t\t\t<\/div>\n\t\t\t\t<\/div>\n\t\t\t\t\t<\/div>\n\t\t<\/article>\n\t\t\t\t<article class=\"elementor-post elementor-grid-item post-4382 post type-post status-publish format-standard has-post-thumbnail hentry category-expo\">\n\t\t\t<div class=\"elementor-post__card\">\n\t\t\t\t<a class=\"elementor-post__thumbnail__link\" href=\"https:\/\/oficio.com.co\/en\/elementor-4382\/\" tabindex=\"-1\" ><div class=\"elementor-post__thumbnail\"><img decoding=\"async\" width=\"883\" height=\"589\" src=\"https:\/\/oficio.com.co\/wp-content\/uploads\/2025\/04\/muchas-caras-web.jpg\" class=\"attachment-medium size-medium wp-image-4397\" alt=\"\" srcset=\"https:\/\/oficio.com.co\/wp-content\/uploads\/2025\/04\/muchas-caras-web.jpg 883w, https:\/\/oficio.com.co\/wp-content\/uploads\/2025\/04\/muchas-caras-web-768x512.jpg 768w, https:\/\/oficio.com.co\/wp-content\/uploads\/2025\/04\/muchas-caras-web-18x12.jpg 18w, https:\/\/oficio.com.co\/wp-content\/uploads\/2025\/04\/muchas-caras-web-500x334.jpg 500w, https:\/\/oficio.com.co\/wp-content\/uploads\/2025\/04\/muchas-caras-web-400x267.jpg 400w\" sizes=\"(max-width: 883px) 100vw, 883px\" \/><\/div><\/a>\n\t\t\t\t<div class=\"elementor-post__text\">\n\t\t\t\t<h3 class=\"elementor-post__title\">\n\t\t\t<a href=\"https:\/\/oficio.com.co\/en\/elementor-4382\/\" >\n\t\t\t\tGestos en madera desde el Putumayo\t\t\t<\/a>\n\t\t<\/h3>\n\t\t\t\t\t<div class=\"elementor-post__read-more-wrapper\">\n\t\t\n\t\t<a class=\"elementor-post__read-more\" href=\"https:\/\/oficio.com.co\/en\/elementor-4382\/\" aria-label=\"Read more about Gestos en madera desde el Putumayo\" tabindex=\"-1\" >\n\t\t\tLeer m\u00e1s\t\t<\/a>\n\n\t\t\t\t\t<\/div>\n\t\t\t\t<\/div>\n\t\t\t\t\t<\/div>\n\t\t<\/article>\n\t\t\t\t<article class=\"elementor-post elementor-grid-item post-4111 post type-post status-publish format-standard has-post-thumbnail hentry category-lugares\">\n\t\t\t<div class=\"elementor-post__card\">\n\t\t\t\t<a class=\"elementor-post__thumbnail__link\" href=\"https:\/\/oficio.com.co\/en\/oaxaca\/\" tabindex=\"-1\" ><div class=\"elementor-post__thumbnail\"><img decoding=\"async\" width=\"563\" height=\"1000\" src=\"https:\/\/oficio.com.co\/wp-content\/uploads\/2024\/08\/FullSizeRender_VSCO-4-563x1000.jpg\" class=\"attachment-medium size-medium wp-image-4083\" alt=\"\" srcset=\"https:\/\/oficio.com.co\/wp-content\/uploads\/2024\/08\/FullSizeRender_VSCO-4-563x1000.jpg 563w, https:\/\/oficio.com.co\/wp-content\/uploads\/2024\/08\/FullSizeRender_VSCO-4-1139x2024.jpg 1139w, https:\/\/oficio.com.co\/wp-content\/uploads\/2024\/08\/FullSizeRender_VSCO-4-768x1365.jpg 768w, https:\/\/oficio.com.co\/wp-content\/uploads\/2024\/08\/FullSizeRender_VSCO-4-864x1536.jpg 864w, https:\/\/oficio.com.co\/wp-content\/uploads\/2024\/08\/FullSizeRender_VSCO-4-1152x2048.jpg 1152w, https:\/\/oficio.com.co\/wp-content\/uploads\/2024\/08\/FullSizeRender_VSCO-4-7x12.jpg 7w, https:\/\/oficio.com.co\/wp-content\/uploads\/2024\/08\/FullSizeRender_VSCO-4-500x889.jpg 500w, https:\/\/oficio.com.co\/wp-content\/uploads\/2024\/08\/FullSizeRender_VSCO-4-225x400.jpg 225w, https:\/\/oficio.com.co\/wp-content\/uploads\/2024\/08\/FullSizeRender_VSCO-4-scaled.jpg 1440w\" sizes=\"(max-width: 563px) 100vw, 563px\" \/><\/div><\/a>\n\t\t\t\t<div class=\"elementor-post__text\">\n\t\t\t\t<h3 class=\"elementor-post__title\">\n\t\t\t<a href=\"https:\/\/oficio.com.co\/en\/oaxaca\/\" >\n\t\t\t\tEl taller de Josefina en Teotitl\u00e1n del Valle, Oaxaca\t\t\t<\/a>\n\t\t<\/h3>\n\t\t\t\t\t<div class=\"elementor-post__read-more-wrapper\">\n\t\t\n\t\t<a class=\"elementor-post__read-more\" href=\"https:\/\/oficio.com.co\/en\/oaxaca\/\" aria-label=\"Read more about El taller de Josefina en Teotitl\u00e1n del Valle, Oaxaca\" tabindex=\"-1\" >\n\t\t\tLeer m\u00e1s\t\t<\/a>\n\n\t\t\t\t\t<\/div>\n\t\t\t\t<\/div>\n\t\t\t\t\t<\/div>\n\t\t<\/article>\n\t\t\t\t<article class=\"elementor-post elementor-grid-item post-4077 post type-post status-publish format-standard has-post-thumbnail hentry category-lugares\">\n\t\t\t<div class=\"elementor-post__card\">\n\t\t\t\t<a class=\"elementor-post__thumbnail__link\" href=\"https:\/\/oficio.com.co\/en\/ags-mexico\/\" tabindex=\"-1\" ><div class=\"elementor-post__thumbnail\"><img loading=\"lazy\" decoding=\"async\" width=\"1000\" height=\"618\" src=\"https:\/\/oficio.com.co\/wp-content\/uploads\/2024\/08\/ags-banner-1000x618.jpg\" class=\"attachment-medium size-medium wp-image-4146\" alt=\"\" srcset=\"https:\/\/oficio.com.co\/wp-content\/uploads\/2024\/08\/ags-banner-1000x618.jpg 1000w, https:\/\/oficio.com.co\/wp-content\/uploads\/2024\/08\/ags-banner-768x475.jpg 768w, https:\/\/oficio.com.co\/wp-content\/uploads\/2024\/08\/ags-banner-18x12.jpg 18w, https:\/\/oficio.com.co\/wp-content\/uploads\/2024\/08\/ags-banner-500x309.jpg 500w, https:\/\/oficio.com.co\/wp-content\/uploads\/2024\/08\/ags-banner-400x247.jpg 400w, https:\/\/oficio.com.co\/wp-content\/uploads\/2024\/08\/ags-banner.jpg 1500w\" sizes=\"(max-width: 1000px) 100vw, 1000px\" \/><\/div><\/a>\n\t\t\t\t<div class=\"elementor-post__text\">\n\t\t\t\t<h3 class=\"elementor-post__title\">\n\t\t\t<a href=\"https:\/\/oficio.com.co\/en\/ags-mexico\/\" >\n\t\t\t\tUna experiencia en Aguascalientes, M\u00e9xico\t\t\t<\/a>\n\t\t<\/h3>\n\t\t\t\t\t<div class=\"elementor-post__read-more-wrapper\">\n\t\t\n\t\t<a class=\"elementor-post__read-more\" href=\"https:\/\/oficio.com.co\/en\/ags-mexico\/\" aria-label=\"Read more about Una experiencia en Aguascalientes, M\u00e9xico\" tabindex=\"-1\" >\n\t\t\tLeer m\u00e1s\t\t<\/a>\n\n\t\t\t\t\t<\/div>\n\t\t\t\t<\/div>\n\t\t\t\t\t<\/div>\n\t\t<\/article>\n\t\t\t\t<article class=\"elementor-post elementor-grid-item post-1554 post type-post status-publish format-standard has-post-thumbnail hentry category-procesos\">\n\t\t\t<div class=\"elementor-post__card\">\n\t\t\t\t<a class=\"elementor-post__thumbnail__link\" href=\"https:\/\/oficio.com.co\/en\/el-tejido-en-telar\/\" tabindex=\"-1\" ><div class=\"elementor-post__thumbnail\"><img loading=\"lazy\" decoding=\"async\" width=\"1000\" height=\"666\" src=\"https:\/\/oficio.com.co\/wp-content\/uploads\/2022\/08\/OFICIO_MARZO_WEB-62-1000x666.jpg\" class=\"attachment-medium size-medium wp-image-4166\" alt=\"\" srcset=\"https:\/\/oficio.com.co\/wp-content\/uploads\/2022\/08\/OFICIO_MARZO_WEB-62-1000x666.jpg 1000w, https:\/\/oficio.com.co\/wp-content\/uploads\/2022\/08\/OFICIO_MARZO_WEB-62-768x512.jpg 768w, https:\/\/oficio.com.co\/wp-content\/uploads\/2022\/08\/OFICIO_MARZO_WEB-62-18x12.jpg 18w, https:\/\/oficio.com.co\/wp-content\/uploads\/2022\/08\/OFICIO_MARZO_WEB-62-500x333.jpg 500w, https:\/\/oficio.com.co\/wp-content\/uploads\/2022\/08\/OFICIO_MARZO_WEB-62-400x267.jpg 400w, https:\/\/oficio.com.co\/wp-content\/uploads\/2022\/08\/OFICIO_MARZO_WEB-62.jpg 1400w\" sizes=\"(max-width: 1000px) 100vw, 1000px\" \/><\/div><\/a>\n\t\t\t\t<div class=\"elementor-post__text\">\n\t\t\t\t<h3 class=\"elementor-post__title\">\n\t\t\t<a href=\"https:\/\/oficio.com.co\/en\/el-tejido-en-telar\/\" >\n\t\t\t\tUn poco sobre el tejido en telar\t\t\t<\/a>\n\t\t<\/h3>\n\t\t\t\t\t<div class=\"elementor-post__read-more-wrapper\">\n\t\t\n\t\t<a class=\"elementor-post__read-more\" href=\"https:\/\/oficio.com.co\/en\/el-tejido-en-telar\/\" aria-label=\"Read more about Un poco sobre el tejido en telar\" tabindex=\"-1\" >\n\t\t\tLeer m\u00e1s\t\t<\/a>\n\n\t\t\t\t\t<\/div>\n\t\t\t\t<\/div>\n\t\t\t\t\t<\/div>\n\t\t<\/article>\n\t\t\t\t<article class=\"elementor-post elementor-grid-item post-1137 post type-post status-publish format-standard has-post-thumbnail hentry category-lugares\">\n\t\t\t<div class=\"elementor-post__card\">\n\t\t\t\t<a class=\"elementor-post__thumbnail__link\" href=\"https:\/\/oficio.com.co\/en\/colores-de-colombia\/\" tabindex=\"-1\" ><div class=\"elementor-post__thumbnail\"><img loading=\"lazy\" decoding=\"async\" width=\"1000\" height=\"750\" src=\"https:\/\/oficio.com.co\/wp-content\/uploads\/2022\/07\/18C4890A-777C-4A0B-9085-F08BDAAB0BD0-scaled-1000x750.jpg\" class=\"attachment-medium size-medium wp-image-2360\" alt=\"\" srcset=\"https:\/\/oficio.com.co\/wp-content\/uploads\/2022\/07\/18C4890A-777C-4A0B-9085-F08BDAAB0BD0-scaled-1000x750.jpg 1000w, https:\/\/oficio.com.co\/wp-content\/uploads\/2022\/07\/18C4890A-777C-4A0B-9085-F08BDAAB0BD0-scaled-2024x1518.jpg 2024w, https:\/\/oficio.com.co\/wp-content\/uploads\/2022\/07\/18C4890A-777C-4A0B-9085-F08BDAAB0BD0-scaled-768x576.jpg 768w, https:\/\/oficio.com.co\/wp-content\/uploads\/2022\/07\/18C4890A-777C-4A0B-9085-F08BDAAB0BD0-scaled-1536x1152.jpg 1536w, https:\/\/oficio.com.co\/wp-content\/uploads\/2022\/07\/18C4890A-777C-4A0B-9085-F08BDAAB0BD0-scaled-2048x1536.jpg 2048w, https:\/\/oficio.com.co\/wp-content\/uploads\/2022\/07\/18C4890A-777C-4A0B-9085-F08BDAAB0BD0-scaled-16x12.jpg 16w, https:\/\/oficio.com.co\/wp-content\/uploads\/2022\/07\/18C4890A-777C-4A0B-9085-F08BDAAB0BD0-scaled-500x375.jpg 500w, https:\/\/oficio.com.co\/wp-content\/uploads\/2022\/07\/18C4890A-777C-4A0B-9085-F08BDAAB0BD0-scaled-400x300.jpg 400w\" sizes=\"(max-width: 1000px) 100vw, 1000px\" \/><\/div><\/a>\n\t\t\t\t<div class=\"elementor-post__text\">\n\t\t\t\t<h3 class=\"elementor-post__title\">\n\t\t\t<a href=\"https:\/\/oficio.com.co\/en\/colores-de-colombia\/\" >\n\t\t\t\tColores de Colombia\t\t\t<\/a>\n\t\t<\/h3>\n\t\t\t\t\t<div class=\"elementor-post__read-more-wrapper\">\n\t\t\n\t\t<a class=\"elementor-post__read-more\" href=\"https:\/\/oficio.com.co\/en\/colores-de-colombia\/\" aria-label=\"Read more about Colores de Colombia\" tabindex=\"-1\" >\n\t\t\tLeer m\u00e1s\t\t<\/a>\n\n\t\t\t\t\t<\/div>\n\t\t\t\t<\/div>\n\t\t\t\t\t<\/div>\n\t\t<\/article>\n\t\t\t\t<article class=\"elementor-post elementor-grid-item post-1 post type-post status-publish format-standard has-post-thumbnail hentry category-procesos\">\n\t\t\t<div class=\"elementor-post__card\">\n\t\t\t\t<a class=\"elementor-post__thumbnail__link\" href=\"https:\/\/oficio.com.co\/en\/como-nace-cada-pieza\/\" tabindex=\"-1\" ><div class=\"elementor-post__thumbnail\"><img loading=\"lazy\" decoding=\"async\" width=\"1000\" height=\"525\" src=\"https:\/\/oficio.com.co\/wp-content\/uploads\/2024\/06\/Banner-web-2-julio-2024_Mesa-de-trabajo-1-1000x525.jpg\" class=\"attachment-medium size-medium wp-image-3784\" alt=\"\" srcset=\"https:\/\/oficio.com.co\/wp-content\/uploads\/2024\/06\/Banner-web-2-julio-2024_Mesa-de-trabajo-1-1000x525.jpg 1000w, https:\/\/oficio.com.co\/wp-content\/uploads\/2024\/06\/Banner-web-2-julio-2024_Mesa-de-trabajo-1-768x403.jpg 768w, https:\/\/oficio.com.co\/wp-content\/uploads\/2024\/06\/Banner-web-2-julio-2024_Mesa-de-trabajo-1-18x9.jpg 18w, https:\/\/oficio.com.co\/wp-content\/uploads\/2024\/06\/Banner-web-2-julio-2024_Mesa-de-trabajo-1-500x262.jpg 500w, https:\/\/oficio.com.co\/wp-content\/uploads\/2024\/06\/Banner-web-2-julio-2024_Mesa-de-trabajo-1-400x210.jpg 400w, https:\/\/oficio.com.co\/wp-content\/uploads\/2024\/06\/Banner-web-2-julio-2024_Mesa-de-trabajo-1.jpg 1500w\" sizes=\"(max-width: 1000px) 100vw, 1000px\" \/><\/div><\/a>\n\t\t\t\t<div class=\"elementor-post__text\">\n\t\t\t\t<h3 class=\"elementor-post__title\">\n\t\t\t<a href=\"https:\/\/oficio.com.co\/en\/como-nace-cada-pieza\/\" >\n\t\t\t\tComo nace cada pieza\t\t\t<\/a>\n\t\t<\/h3>\n\t\t\t\t\t<div class=\"elementor-post__read-more-wrapper\">\n\t\t\n\t\t<a class=\"elementor-post__read-more\" href=\"https:\/\/oficio.com.co\/en\/como-nace-cada-pieza\/\" aria-label=\"Read more about Como nace cada pieza\" tabindex=\"-1\" >\n\t\t\tLeer m\u00e1s\t\t<\/a>\n\n\t\t\t\t\t<\/div>\n\t\t\t\t<\/div>\n\t\t\t\t\t<\/div>\n\t\t<\/article>\n\t\t\t\t<\/div>\n\t\t\t\t\t<span class=\"e-load-more-spinner\">\n\t\t\t\t<svg aria-hidden=\"true\" class=\"e-font-icon-svg e-fas-spinner\" viewbox=\"0 0 512 512\" xmlns=\"http:\/\/www.w3.org\/2000\/svg\"><path d=\"M304 48c0 26.51-21.49 48-48 48s-48-21.49-48-48 21.49-48 48-48 48 21.49 48 48zm-48 368c-26.51 0-48 21.49-48 48s21.49 48 48 48 48-21.49 48-48-21.49-48-48-48zm208-208c-26.51 0-48 21.49-48 48s21.49 48 48 48 48-21.49 48-48-21.49-48-48-48zM96 256c0-26.51-21.49-48-48-48S0 229.49 0 256s21.49 48 48 48 48-21.49 48-48zm12.922 99.078c-26.51 0-48 21.49-48 48s21.49 48 48 48 48-21.49 48-48c0-26.509-21.491-48-48-48zm294.156 0c-26.51 0-48 21.49-48 48s21.49 48 48 48 48-21.49 48-48c0-26.509-21.49-48-48-48zM108.922 60.922c-26.51 0-48 21.49-48 48s21.49 48 48 48 48-21.49 48-48-21.491-48-48-48z\"><\/path><\/svg>\t\t\t<\/span>\n\t\t\n\t\t\t\t\t\t<\/div>\n\t\t\t\t<\/div>\n\t\t\t\t\t<\/div>\n\t\t<\/div>\n\t\t\t\t\t<\/div>\n\t\t<\/section>\n\t\t\t\t<\/div>","protected":false},"excerpt":{"rendered":"<p>Procesos, personas y lugares. Conoce m\u00e1s de lo que esta detr\u00e1s de nuestros objetos, la inspiraci\u00f3n y el trabajo con nuestros artesanos.<\/p>","protected":false},"author":1,"featured_media":0,"parent":0,"menu_order":4,"comment_status":"closed","ping_status":"closed","template":"elementor_header_footer","meta":{"footnotes":""},"class_list":["post-115","page","type-page","status-publish","hentry"],"_links":{"self":[{"href":"https:\/\/oficio.com.co\/en\/wp-json\/wp\/v2\/pages\/115","targetHints":{"allow":["GET"]}}],"collection":[{"href":"https:\/\/oficio.com.co\/en\/wp-json\/wp\/v2\/pages"}],"about":[{"href":"https:\/\/oficio.com.co\/en\/wp-json\/wp\/v2\/types\/page"}],"author":[{"embeddable":true,"href":"https:\/\/oficio.com.co\/en\/wp-json\/wp\/v2\/users\/1"}],"replies":[{"embeddable":true,"href":"https:\/\/oficio.com.co\/en\/wp-json\/wp\/v2\/comments?post=115"}],"version-history":[{"count":112,"href":"https:\/\/oficio.com.co\/en\/wp-json\/wp\/v2\/pages\/115\/revisions"}],"predecessor-version":[{"id":3864,"href":"https:\/\/oficio.com.co\/en\/wp-json\/wp\/v2\/pages\/115\/revisions\/3864"}],"wp:attachment":[{"href":"https:\/\/oficio.com.co\/en\/wp-json\/wp\/v2\/media?parent=115"}],"curies":[{"name":"wp","href":"https:\/\/api.w.org\/{rel}","templated":true}]}}