{"id":1671,"date":"2022-08-03T22:54:06","date_gmt":"2022-08-04T03:54:06","guid":{"rendered":"https:\/\/oficio.com.co\/?page_id=1671"},"modified":"2024-12-16T14:42:13","modified_gmt":"2024-12-16T19:42:13","slug":"terminos-y-condiciones","status":"publish","type":"page","link":"https:\/\/oficio.com.co\/en\/terminos-y-condiciones\/","title":{"rendered":"T\u00e9rminos y condiciones"},"content":{"rendered":"<div data-elementor-type=\"wp-page\" data-elementor-id=\"1671\" class=\"elementor elementor-1671\" data-elementor-post-type=\"page\">\n\t\t\t\t\t\t<section class=\"elementor-section elementor-top-section elementor-element elementor-element-8845421 elementor-section-boxed elementor-section-height-default elementor-section-height-default\" data-id=\"8845421\" data-element_type=\"section\" data-e-type=\"section\">\n\t\t\t\t\t\t<div class=\"elementor-container elementor-column-gap-default\">\n\t\t\t\t\t<div class=\"elementor-column elementor-col-100 elementor-top-column elementor-element elementor-element-bf4d40e\" data-id=\"bf4d40e\" data-element_type=\"column\" data-e-type=\"column\">\n\t\t\t<div class=\"elementor-widget-wrap elementor-element-populated\">\n\t\t\t\t\t\t<div class=\"elementor-element elementor-element-d6cc5e8 elementor-widget elementor-widget-heading\" data-id=\"d6cc5e8\" data-element_type=\"widget\" data-e-type=\"widget\" data-widget_type=\"heading.default\">\n\t\t\t\t<div class=\"elementor-widget-container\">\n\t\t\t\t\t<h1 class=\"elementor-heading-title elementor-size-default\">T\u00e9rminos y condiciones<\/h1>\t\t\t\t<\/div>\n\t\t\t\t<\/div>\n\t\t\t\t<div class=\"elementor-element elementor-element-fd1f74f elementor-widget elementor-widget-text-editor\" data-id=\"fd1f74f\" data-element_type=\"widget\" data-e-type=\"widget\" data-widget_type=\"text-editor.default\">\n\t\t\t\t<div class=\"elementor-widget-container\">\n\t\t\t\t\t\t\t\t\t<p>Este sitio web es operado por OFICIO. Los t\u00e9rminos \u00abnosotros\u00bb, \u00abnos\u00bb y \u00abnuestro\u00bb se refieren a OFICIO.<\/p><p>OFICIO es una dependencia de EDITORA ESTUDIO NIT 1128402913-0 C\u00c1MARA DE COMERCIO con matr\u00edcula N\u00b0 <span style=\"font-family: Consolas, Monaco, monospace;\">21-767463-02<\/span><\/p><p>OFICIO ofrece este sitio web, incluida toda la informaci\u00f3n, las herramientas y los servicios disponibles de este sitio para usted, el usuario brinda su aceptaci\u00f3n de todos los t\u00e9rminos, condiciones, pol\u00edticas y avisos que se especifican aqu\u00ed.<\/p><p>Al visitar nuestro sitio y \/ o comprar algo de nosotros, participas en nuestro \u00abServicio\u00bb y acuerdas estar sujeto a los siguientes t\u00e9rminos y condiciones (\u00abT\u00e9rminos de servicio\u00bb, \u00abT\u00e9rminos\u00bb), incluidos los t\u00e9rminos y condiciones adicionales y pol\u00edticas referenciadas aqu\u00ed. Estos T\u00e9rminos de Servicio se aplican a todos los usuarios del sitio, incluidos, entre otros, los usuarios que son navegadores, proveedores, clientes, comerciantes y \/ o contribuidores de contenido.<\/p><p>Te recomendamos leer estos T\u00e9rminos de servicio detenidamente antes de acceder o utilizar nuestro sitio web. Al acceder o usar cualquier parte del sitio, aceptas estar sujeto a estos T\u00e9rminos de servicio. Si no aceptas todos los t\u00e9rminos y condiciones de este, no podr\u00e1s acceder al sitio web ni utilizar ning\u00fan servicio. Si estos T\u00e9rminos de servicio se consideran una oferta, la aceptaci\u00f3n est\u00e1 expresamente limitada a ellos.<\/p><p>Las nuevas funciones o herramientas que se agregan a la tienda actual tambi\u00e9n estar\u00e1n sujetas a los T\u00e9rminos del servicio. Puedes revisar la versi\u00f3n m\u00e1s reciente de los T\u00e9rminos de Servicio en cualquier momento en esta p\u00e1gina. Nos reservamos el derecho de actualizar, cambiar o reemplazar cualquier parte de estos T\u00e9rminos de Servicio mediante la publicaci\u00f3n de actualizaciones y \/ o cambios en nuestro sitio web. Es tu responsabilidad revisar esta p\u00e1gina peri\u00f3dicamente para ver los cambios. El uso o acceso continuo al sitio web despu\u00e9s de la publicaci\u00f3n de cualquier cambio constituye la aceptaci\u00f3n de dichos cambios.<\/p><p>Nuestra tienda est\u00e1 alojada en WooCommerce. Nos proporcionan la plataforma de comercio electr\u00f3nico en l\u00ednea que nos permite vender nuestros productos y servicios.<\/p>\t\t\t\t\t\t\t\t<\/div>\n\t\t\t\t<\/div>\n\t\t\t\t\t<\/div>\n\t\t<\/div>\n\t\t\t\t\t<\/div>\n\t\t<\/section>\n\t\t\t\t<\/div>","protected":false},"excerpt":{"rendered":"<p>Este sitio web es operado por OFICIO. Los t\u00e9rminos \u00abnosotros\u00bb, \u00abnos\u00bb y \u00abnuestro\u00bb se refieren a OFICIO. OFICIO es una dependencia de EDITORA ESTUDIO NIT 1128402913-0 C\u00c1MARA DE COMERCIO con matr\u00edcula N\u00b0 21-767463-02 OFICIO ofrece este sitio web, incluida toda la informaci\u00f3n, las herramientas y los servicios disponibles de este sitio para usted, el usuario [&hellip;]<\/p>\n","protected":false},"author":1,"featured_media":0,"parent":0,"menu_order":16,"comment_status":"closed","ping_status":"closed","template":"elementor_header_footer","meta":{"footnotes":""},"class_list":["post-1671","page","type-page","status-publish","hentry"],"_links":{"self":[{"href":"https:\/\/oficio.com.co\/en\/wp-json\/wp\/v2\/pages\/1671","targetHints":{"allow":["GET"]}}],"collection":[{"href":"https:\/\/oficio.com.co\/en\/wp-json\/wp\/v2\/pages"}],"about":[{"href":"https:\/\/oficio.com.co\/en\/wp-json\/wp\/v2\/types\/page"}],"author":[{"embeddable":true,"href":"https:\/\/oficio.com.co\/en\/wp-json\/wp\/v2\/users\/1"}],"replies":[{"embeddable":true,"href":"https:\/\/oficio.com.co\/en\/wp-json\/wp\/v2\/comments?post=1671"}],"version-history":[{"count":10,"href":"https:\/\/oficio.com.co\/en\/wp-json\/wp\/v2\/pages\/1671\/revisions"}],"predecessor-version":[{"id":4267,"href":"https:\/\/oficio.com.co\/en\/wp-json\/wp\/v2\/pages\/1671\/revisions\/4267"}],"wp:attachment":[{"href":"https:\/\/oficio.com.co\/en\/wp-json\/wp\/v2\/media?parent=1671"}],"curies":[{"name":"wp","href":"https:\/\/api.w.org\/{rel}","templated":true}]}}