{"id":1677,"date":"2022-08-03T22:55:35","date_gmt":"2022-08-04T03:55:35","guid":{"rendered":"https:\/\/oficio.com.co\/?page_id=1677"},"modified":"2024-06-24T11:56:04","modified_gmt":"2024-06-24T16:56:04","slug":"envios","status":"publish","type":"page","link":"https:\/\/oficio.com.co\/en\/envios\/","title":{"rendered":"Env\u00edos"},"content":{"rendered":"<div data-elementor-type=\"wp-page\" data-elementor-id=\"1677\" class=\"elementor elementor-1677\" data-elementor-post-type=\"page\">\n\t\t\t\t\t\t<section class=\"elementor-section elementor-top-section elementor-element elementor-element-73c3eed9 elementor-section-boxed elementor-section-height-default elementor-section-height-default\" data-id=\"73c3eed9\" data-element_type=\"section\" data-e-type=\"section\">\n\t\t\t\t\t\t<div class=\"elementor-container elementor-column-gap-default\">\n\t\t\t\t\t<div class=\"elementor-column elementor-col-100 elementor-top-column elementor-element elementor-element-62b27793\" data-id=\"62b27793\" data-element_type=\"column\" data-e-type=\"column\">\n\t\t\t<div class=\"elementor-widget-wrap elementor-element-populated\">\n\t\t\t\t\t\t<div class=\"elementor-element elementor-element-e203723 elementor-widget elementor-widget-heading\" data-id=\"e203723\" data-element_type=\"widget\" data-e-type=\"widget\" data-widget_type=\"heading.default\">\n\t\t\t\t<div class=\"elementor-widget-container\">\n\t\t\t\t\t<h1 class=\"elementor-heading-title elementor-size-default\">Env\u00edos<\/h1>\t\t\t\t<\/div>\n\t\t\t\t<\/div>\n\t\t\t\t<div class=\"elementor-element elementor-element-4d5648d1 elementor-widget elementor-widget-text-editor\" data-id=\"4d5648d1\" data-element_type=\"widget\" data-e-type=\"widget\" data-widget_type=\"text-editor.default\">\n\t\t\t\t<div class=\"elementor-widget-container\">\n\t\t\t\t\t\t\t\t\t\n<p><strong>Todas nuestras piezas son elaboradas manualmente por artesanos especializados en cada una de las t\u00e9cnicas. Se pueden presentar variaciones de color, textura y tama\u00f1o entre una pieza y otra. Los detalles artesanales y acabado r\u00fastico hacen parte de las caracter\u00edsticas de nuestros productos.<\/strong><\/p>\n\n\n\n<p>Para los productos productos disponible para entrega inmedita el tiempo de entrega en Colombia es de 2 a 5 d\u00edas h\u00e1biles.<\/p>\n\n\n\n<p>Para productos que se reserven bajo pedido, el tiempo de fabricaci\u00f3n es de 7 semanas, en caso de finalizarse antes se notificar\u00e1 al cliente antes de hacer la entrega.<\/p>\n\n\n\n<p>El env\u00edo se realiza por medio de compa\u00f1\u00edas de env\u00edos externas a Oficio. No nos hacemos responsables por demoras adicionales causadas por la empresa de transporte.<\/p>\n\n\n\n<p>Para pedidos internacionales aplican tiempos seg\u00fan el destino, m\u00e1ximo 10 d\u00edas para productos con stock disponible. Para productos que se reserven bajo pedido, el tiempo de producci\u00f3n es de 7 semanas adicionales al tiempo que tarde el env\u00edo internacional.<\/p>\n\n\n\n<p>Todas las \u00f3rdenes internacionales se env\u00edan bajo un formato de DDU (Delivery Duty Unpaid), lo que significa que tu orden puede estar sujeta a cargos adicionales impuestos por las autoridades aduaneras del Pa\u00eds de destino. Todos los precios en nuestra p\u00e1gina web son excluyentes de cargos arancelarios en los destinos y no podemos calcular con exactitud los impuestos correspondientes a cada pa\u00eds.<\/p>\n\t\t\t\t\t\t\t\t<\/div>\n\t\t\t\t<\/div>\n\t\t\t\t\t<\/div>\n\t\t<\/div>\n\t\t\t\t\t<\/div>\n\t\t<\/section>\n\t\t\t\t<section class=\"elementor-section elementor-top-section elementor-element elementor-element-fd1f571 elementor-section-boxed elementor-section-height-default elementor-section-height-default\" data-id=\"fd1f571\" data-element_type=\"section\" data-e-type=\"section\">\n\t\t\t\t\t\t<div class=\"elementor-container elementor-column-gap-default\">\n\t\t\t\t\t<div class=\"elementor-column elementor-col-50 elementor-top-column elementor-element elementor-element-7a65e09\" data-id=\"7a65e09\" data-element_type=\"column\" data-e-type=\"column\" data-settings=\"{&quot;background_background&quot;:&quot;classic&quot;}\">\n\t\t\t<div class=\"elementor-widget-wrap\">\n\t\t\t\t\t\t\t<\/div>\n\t\t<\/div>\n\t\t\t\t<div class=\"elementor-column elementor-col-50 elementor-top-column elementor-element elementor-element-ae81dcf\" data-id=\"ae81dcf\" data-element_type=\"column\" data-e-type=\"column\" data-settings=\"{&quot;background_background&quot;:&quot;classic&quot;}\">\n\t\t\t<div class=\"elementor-widget-wrap\">\n\t\t\t\t\t\t\t<\/div>\n\t\t<\/div>\n\t\t\t\t\t<\/div>\n\t\t<\/section>\n\t\t\t\t<\/div>","protected":false},"excerpt":{"rendered":"<p>Todas nuestras piezas son elaboradas manualmente por artesanos especializados en cada una de las t\u00e9cnicas. Se pueden presentar variaciones de color, textura y tama\u00f1o entre una pieza y otra. Los detalles artesanales y acabado r\u00fastico hacen parte de las caracter\u00edsticas de nuestros productos. Para los productos productos disponible para entrega inmedita el tiempo de entrega [&hellip;]<\/p>\n","protected":false},"author":1,"featured_media":0,"parent":0,"menu_order":12,"comment_status":"closed","ping_status":"closed","template":"elementor_header_footer","meta":{"footnotes":""},"class_list":["post-1677","page","type-page","status-publish","hentry"],"_links":{"self":[{"href":"https:\/\/oficio.com.co\/en\/wp-json\/wp\/v2\/pages\/1677","targetHints":{"allow":["GET"]}}],"collection":[{"href":"https:\/\/oficio.com.co\/en\/wp-json\/wp\/v2\/pages"}],"about":[{"href":"https:\/\/oficio.com.co\/en\/wp-json\/wp\/v2\/types\/page"}],"author":[{"embeddable":true,"href":"https:\/\/oficio.com.co\/en\/wp-json\/wp\/v2\/users\/1"}],"replies":[{"embeddable":true,"href":"https:\/\/oficio.com.co\/en\/wp-json\/wp\/v2\/comments?post=1677"}],"version-history":[{"count":30,"href":"https:\/\/oficio.com.co\/en\/wp-json\/wp\/v2\/pages\/1677\/revisions"}],"predecessor-version":[{"id":3678,"href":"https:\/\/oficio.com.co\/en\/wp-json\/wp\/v2\/pages\/1677\/revisions\/3678"}],"wp:attachment":[{"href":"https:\/\/oficio.com.co\/en\/wp-json\/wp\/v2\/media?parent=1677"}],"curies":[{"name":"wp","href":"https:\/\/api.w.org\/{rel}","templated":true}]}}