{"id":2536,"date":"2023-06-23T15:37:00","date_gmt":"2023-06-23T20:37:00","guid":{"rendered":"https:\/\/oficio.com.co\/?post_type=product&#038;p=2536"},"modified":"2026-03-03T15:06:31","modified_gmt":"2026-03-03T20:06:31","slug":"bandeja-baja","status":"publish","type":"product","link":"https:\/\/oficio.com.co\/en\/tienda\/barro\/bandeja-baja\/","title":{"rendered":"Bandeja Baja"},"content":{"rendered":"<p><strong>Material:<\/strong> Arcilla Roja<\/p>\n<p><strong>T\u00e9cnica:<\/strong> Alfarer\u00eda.<\/p>\n<p><strong>Origen:<\/strong> R\u00e1quira, Boyac\u00e1<\/p>\n<p><strong>Detalles:<\/strong> Interior esmaltado, apto para l\u00edquidos y bebidas.<\/p>\n<p><strong>Tiempo de entrega:<\/strong> Para productos con stock disponible, el tiempo de entrega en Colombia es de 2 a 3 d\u00edas h\u00e1biles. Para pedidos internacionales aplican tiempos seg\u00fan el destino, m\u00e1ximo 10 d\u00edas para productos con stock disponible.<\/p>\n<p><strong>Cuidados:<\/strong> Lavar a mano con esponja suave, agua y jab\u00f3n. Secar al aire libre. Uso utilitario en mesa y cocina. Resistente a l\u00edquidos, en algunos casos puede presentar filtraci\u00f3n de l\u00edquido leve, esto se debe a la porosidad del material. Resistente a horno microondas. No soporta fuego directo.<\/p>","protected":false},"excerpt":{"rendered":"<p>Material: Arcilla Roja T\u00e9cnica: Alfarer\u00eda. Origen: R\u00e1quira, Boyac\u00e1 Detalles: Interior esmaltado, apto para l\u00edquidos y bebidas. Tiempo de entrega: Para productos con stock disponible, el tiempo de entrega en Colombia es de 2 a 3 d\u00edas h\u00e1biles. Para pedidos internacionales aplican tiempos seg\u00fan el destino, m\u00e1ximo 10 d\u00edas para productos con stock disponible. Cuidados: Lavar [&hellip;]<\/p>\n","protected":false},"featured_media":2539,"template":"","meta":[],"product_brand":[],"product_cat":[27,169],"product_tag":[],"class_list":{"0":"post-2536","1":"product","2":"type-product","3":"status-publish","4":"has-post-thumbnail","6":"product_cat-barro","7":"product_cat-entrega-inmediata","8":"pa_tamano-30-x-30-x-3-cm","10":"first","11":"instock","12":"shipping-taxable","13":"purchasable","14":"product-type-variable"},"_links":{"self":[{"href":"https:\/\/oficio.com.co\/en\/wp-json\/wp\/v2\/product\/2536","targetHints":{"allow":["GET"]}}],"collection":[{"href":"https:\/\/oficio.com.co\/en\/wp-json\/wp\/v2\/product"}],"about":[{"href":"https:\/\/oficio.com.co\/en\/wp-json\/wp\/v2\/types\/product"}],"wp:featuredmedia":[{"embeddable":true,"href":"https:\/\/oficio.com.co\/en\/wp-json\/wp\/v2\/media\/2539"}],"wp:attachment":[{"href":"https:\/\/oficio.com.co\/en\/wp-json\/wp\/v2\/media?parent=2536"}],"wp:term":[{"taxonomy":"product_brand","embeddable":true,"href":"https:\/\/oficio.com.co\/en\/wp-json\/wp\/v2\/product_brand?post=2536"},{"taxonomy":"product_cat","embeddable":true,"href":"https:\/\/oficio.com.co\/en\/wp-json\/wp\/v2\/product_cat?post=2536"},{"taxonomy":"product_tag","embeddable":true,"href":"https:\/\/oficio.com.co\/en\/wp-json\/wp\/v2\/product_tag?post=2536"}],"curies":[{"name":"wp","href":"https:\/\/api.w.org\/{rel}","templated":true}]}}