{"id":2726,"date":"2023-08-22T16:59:47","date_gmt":"2023-08-22T21:59:47","guid":{"rendered":"https:\/\/oficio.com.co\/?post_type=product&#038;p=2726"},"modified":"2026-03-18T09:09:52","modified_gmt":"2026-03-18T14:09:52","slug":"cojin-manto-tejido-en-lana","status":"publish","type":"product","link":"https:\/\/oficio.com.co\/en\/tienda\/cojines\/cojin-manto-tejido-en-lana\/","title":{"rendered":"Coj\u00edn Manto Tejido en Lana"},"content":{"rendered":"<p>Todos nuestros precios incluyen IVA.<\/p>\n<p><strong>Material:<\/strong> Lana de oveja 100%<\/p>\n<p><strong> Tipo de tejido:<\/strong> Plano y Nudo<\/p>\n<p><strong>T\u00e9cnica:<\/strong> Tejedur\u00eda.<\/p>\n<p><strong>Origen:<\/strong> Cundinamarca.<\/p>\n<p><strong>Detalles:<\/strong> Relleno incluido, posterior en lona con cremallera.<\/p>\n<p><strong> Tiempo de entrega:<\/strong>Este producto est\u00e1 disponible para reserva. La fabricaci\u00f3n bajo pedido tarda 5 semanas en entregarse dentro de Colombia. Para env\u00edos internacionales se adiciona una semana.<\/p>\n<p>Para productos con stock disponible, el tiempo de entrega en Colombia es de 2 a 3 d\u00edas h\u00e1biles. Para pedidos internacionales aplican tiempos seg\u00fan el destino, m\u00e1ximo 10 d\u00edas para productos con stock disponible.<\/p>\n<p><strong>Cuidados: <\/strong><span style=\"font-weight: 400;\">Recomendamos lavar profesionalmente. La frecuencia del lavado depende de la cantidad de tr\u00e1fico que reciba la pieza.<\/span><\/p>\n<p><span style=\"font-weight: 400;\">La funda de los cojines puede lavarse a mano siguiendo estas instrucciones:<\/span><\/p>\n<p><span style=\"font-weight: 400;\">. Lavar con agua fr\u00eda y nunca usar secadora ya que la lana tiende a encogerse con el<\/span><\/p>\n<p><span style=\"font-weight: 400;\">calor. El agua caliente puede afectar tambi\u00e9n los colores. Secar al aire libre extendiendo por completo y sosteniendo en una cuerda tensada o con pinzas sin tocar el tejido.<\/span><\/p>\n<p><span style=\"font-weight: 400;\">. Nunca usar lavadora, esto puede deformar el tejido y afectar el color.<\/span><\/p>\n<p><span style=\"font-weight: 400;\">. Eliminar las manchas actuando de manera inmediata. Evitar que las manchas se sequen.<\/span><\/p>\n<p><span style=\"font-weight: 400;\">. Recomendamos hacer una prueba en una esquina antes de aplicar cualquier soluci\u00f3n y despu\u00e9s aplicar en la mancha. Limpiar la mancha de fuera hacia el interior para no propagar la suciedad hacia zonas limpias con agua fr\u00eda y jab\u00f3n suave.<\/span><\/p>","protected":false},"excerpt":{"rendered":"<p>Coj\u00edn con frente tejido a mano en telar con lana de oveja 100%.<\/p>","protected":false},"featured_media":2894,"template":"","meta":[],"product_brand":[],"product_cat":[146],"product_tag":[],"class_list":{"0":"post-2726","1":"product","2":"type-product","3":"status-publish","4":"has-post-thumbnail","6":"product_cat-cojines","7":"product_shipping_class-paquete-m-colombia","8":"pa_color-cafe-claro","9":"pa_color-terracota","10":"pa_color-verde-aceituna","12":"first","13":"onbackorder","14":"shipping-taxable","15":"purchasable","16":"product-type-variable","17":"has-default-attributes"},"_links":{"self":[{"href":"https:\/\/oficio.com.co\/en\/wp-json\/wp\/v2\/product\/2726","targetHints":{"allow":["GET"]}}],"collection":[{"href":"https:\/\/oficio.com.co\/en\/wp-json\/wp\/v2\/product"}],"about":[{"href":"https:\/\/oficio.com.co\/en\/wp-json\/wp\/v2\/types\/product"}],"wp:featuredmedia":[{"embeddable":true,"href":"https:\/\/oficio.com.co\/en\/wp-json\/wp\/v2\/media\/2894"}],"wp:attachment":[{"href":"https:\/\/oficio.com.co\/en\/wp-json\/wp\/v2\/media?parent=2726"}],"wp:term":[{"taxonomy":"product_brand","embeddable":true,"href":"https:\/\/oficio.com.co\/en\/wp-json\/wp\/v2\/product_brand?post=2726"},{"taxonomy":"product_cat","embeddable":true,"href":"https:\/\/oficio.com.co\/en\/wp-json\/wp\/v2\/product_cat?post=2726"},{"taxonomy":"product_tag","embeddable":true,"href":"https:\/\/oficio.com.co\/en\/wp-json\/wp\/v2\/product_tag?post=2726"}],"curies":[{"name":"wp","href":"https:\/\/api.w.org\/{rel}","templated":true}]}}