{"id":2777,"date":"2023-10-17T17:08:36","date_gmt":"2023-10-17T22:08:36","guid":{"rendered":"https:\/\/oficio.com.co\/?post_type=product&#038;p=2777"},"modified":"2025-04-08T12:07:10","modified_gmt":"2025-04-08T17:07:10","slug":"tapete-andes","status":"publish","type":"product","link":"https:\/\/oficio.com.co\/en\/tienda\/tapetes\/tapete-andes\/","title":{"rendered":"Tapete Andes"},"content":{"rendered":"<p>Todos nuestros precios incluyen IVA.<\/p>\n<p><strong>Material:<\/strong> Lana de oveja 100%<\/p>\n<p><strong>Tipo de tejido:<\/strong> Plano.<\/p>\n<p><strong>Origen:<\/strong> Cundinamarca \/ Boyac\u00e1 \/ Antioquia.<\/p>\n<p><strong>Tiempo de entrega:<\/strong> Este \u00edtem puede tardar hasta 30 d\u00edas h\u00e1biles en ser enviado.<\/p>\n<p><strong>Cuidados:<\/strong> Para uso en interiores \u00fanicamente. Se recomienda lavado profesional. Utilizar siempre agua fr\u00eda, lavar a mano y secar al aire libre. Nunca utilizar lavadora, puede da\u00f1ar el tejido. Girar la pieza varias veces al a\u00f1o para obtener un deterioro uniforme de la pieza.<\/p>","protected":false},"excerpt":{"rendered":"<p>Tapete tejido a mano en telar con lana de oveja 100%.<\/p>","protected":false},"featured_media":3028,"template":"","meta":[],"product_brand":[],"product_cat":[145],"product_tag":[168],"class_list":{"0":"post-2777","1":"product","2":"type-product","3":"status-publish","4":"has-post-thumbnail","6":"product_cat-tapetes","7":"product_tag-clasico","8":"product_shipping_class-paquete-m-colombia","9":"pa_tamano-home-260-m-x-180-m","10":"pa_tamano-loft-190-m-x-130-m","11":"pa_tamano-room-140-cm-x-80-cm","13":"first","14":"onbackorder","15":"shipping-taxable","16":"purchasable","17":"product-type-variable"},"_links":{"self":[{"href":"https:\/\/oficio.com.co\/en\/wp-json\/wp\/v2\/product\/2777","targetHints":{"allow":["GET"]}}],"collection":[{"href":"https:\/\/oficio.com.co\/en\/wp-json\/wp\/v2\/product"}],"about":[{"href":"https:\/\/oficio.com.co\/en\/wp-json\/wp\/v2\/types\/product"}],"wp:featuredmedia":[{"embeddable":true,"href":"https:\/\/oficio.com.co\/en\/wp-json\/wp\/v2\/media\/3028"}],"wp:attachment":[{"href":"https:\/\/oficio.com.co\/en\/wp-json\/wp\/v2\/media?parent=2777"}],"wp:term":[{"taxonomy":"product_brand","embeddable":true,"href":"https:\/\/oficio.com.co\/en\/wp-json\/wp\/v2\/product_brand?post=2777"},{"taxonomy":"product_cat","embeddable":true,"href":"https:\/\/oficio.com.co\/en\/wp-json\/wp\/v2\/product_cat?post=2777"},{"taxonomy":"product_tag","embeddable":true,"href":"https:\/\/oficio.com.co\/en\/wp-json\/wp\/v2\/product_tag?post=2777"}],"curies":[{"name":"wp","href":"https:\/\/api.w.org\/{rel}","templated":true}]}}