{"id":2783,"date":"2023-08-17T15:53:20","date_gmt":"2023-08-17T20:53:20","guid":{"rendered":"https:\/\/oficio.com.co\/?post_type=product&#038;p=2783"},"modified":"2025-04-08T16:15:14","modified_gmt":"2025-04-08T21:15:14","slug":"tapete-la-loma","status":"publish","type":"product","link":"https:\/\/oficio.com.co\/en\/tienda\/tapetes\/tapete-la-loma\/","title":{"rendered":"Tapete La Loma"},"content":{"rendered":"<p>Todos nuestros precios incluyen IVA.<\/p>\n<p><strong>Material:<\/strong> Lana de oveja 100%<\/p>\n<p><strong>Tipo de tejido:<\/strong> Plano, flecos en los extremos, detalles bordados.<\/p>\n<p><strong>Origen:<\/strong> Cundinamarca<\/p>\n<p><strong>Tiempo de entrega:<\/strong> Este \u00edtem puede tardar hasta 30 d\u00edas h\u00e1biles en ser enviado.<\/p>\n<p><strong>Cuidados:<\/strong> Para uso en interiores \u00fanicamente. Se recomienda lavado profesional. Utilizar siempre agua fr\u00eda, lavar a mano y secar al aire libre. Nunca utilizar lavadora, puede da\u00f1ar el tejido. Girar la pieza varias veces al a\u00f1o para obtener un deterioro uniforme de la pieza.<\/p>","protected":false},"excerpt":{"rendered":"<p>Tapete tejido a mano en telar con lana de oveja 100%.<\/p>","protected":false},"featured_media":3105,"template":"","meta":[],"product_brand":[],"product_cat":[145],"product_tag":[168],"class_list":{"0":"post-2783","1":"product","2":"type-product","3":"status-publish","4":"has-post-thumbnail","6":"product_cat-tapetes","7":"product_tag-clasico","8":"pa_tamano-home-260-m-x-180-m","9":"pa_tamano-loft-190-m-x-130-m","10":"pa_tamano-room-140-cm-x-80-cm","12":"first","13":"onbackorder","14":"shipping-taxable","15":"purchasable","16":"product-type-variable","17":"has-default-attributes"},"_links":{"self":[{"href":"https:\/\/oficio.com.co\/en\/wp-json\/wp\/v2\/product\/2783","targetHints":{"allow":["GET"]}}],"collection":[{"href":"https:\/\/oficio.com.co\/en\/wp-json\/wp\/v2\/product"}],"about":[{"href":"https:\/\/oficio.com.co\/en\/wp-json\/wp\/v2\/types\/product"}],"wp:featuredmedia":[{"embeddable":true,"href":"https:\/\/oficio.com.co\/en\/wp-json\/wp\/v2\/media\/3105"}],"wp:attachment":[{"href":"https:\/\/oficio.com.co\/en\/wp-json\/wp\/v2\/media?parent=2783"}],"wp:term":[{"taxonomy":"product_brand","embeddable":true,"href":"https:\/\/oficio.com.co\/en\/wp-json\/wp\/v2\/product_brand?post=2783"},{"taxonomy":"product_cat","embeddable":true,"href":"https:\/\/oficio.com.co\/en\/wp-json\/wp\/v2\/product_cat?post=2783"},{"taxonomy":"product_tag","embeddable":true,"href":"https:\/\/oficio.com.co\/en\/wp-json\/wp\/v2\/product_tag?post=2783"}],"curies":[{"name":"wp","href":"https:\/\/api.w.org\/{rel}","templated":true}]}}