{"id":2810,"date":"2023-08-17T17:07:11","date_gmt":"2023-08-17T22:07:11","guid":{"rendered":"https:\/\/oficio.com.co\/?post_type=product&#038;p=2810"},"modified":"2025-04-08T15:37:02","modified_gmt":"2025-04-08T20:37:02","slug":"tapete-buenavista","status":"publish","type":"product","link":"https:\/\/oficio.com.co\/en\/tienda\/tapetes\/tapete-buenavista\/","title":{"rendered":"Tapete Buenavista"},"content":{"rendered":"<p>Todos nuestros precios incluyen IVA.<\/p>\n<p><strong>Material:<\/strong> Lana de oveja 100%<\/p>\n<p><strong>Tipo de tejido:<\/strong> Plano y Nudo<\/p>\n<p><strong>Origen:<\/strong> Cundinamarca<\/p>\n<p><strong>Tiempo de entrega:<\/strong> Este \u00edtem puede tardar hasta 30 d\u00edas h\u00e1biles en ser enviado.<\/p>\n<p><strong>Cuidados:<\/strong> Para uso en interiores \u00fanicamente. Se recomienda lavado profesional. Utilizar siempre agua fr\u00eda, lavar a mano y secar al aire libre. Nunca utilizar lavadora, puede da\u00f1ar el tejido. Girar la pieza varias veces al a\u00f1o para obtener un deterioro uniforme de la pieza.<\/p>","protected":false},"excerpt":{"rendered":"<p>Tapete tejido a mano en telar con lana de oveja 100%.<\/p>","protected":false},"featured_media":3050,"template":"","meta":[],"product_brand":[],"product_cat":[145],"product_tag":[],"class_list":{"0":"post-2810","1":"product","2":"type-product","3":"status-publish","4":"has-post-thumbnail","6":"product_cat-tapetes","7":"pa_tamano-home-260-m-x-180-m","8":"pa_tamano-loft-190-m-x-130-m","9":"pa_tamano-room-140-cm-x-80-cm","11":"first","12":"onbackorder","13":"shipping-taxable","14":"purchasable","15":"product-type-variable","16":"has-default-attributes"},"_links":{"self":[{"href":"https:\/\/oficio.com.co\/en\/wp-json\/wp\/v2\/product\/2810","targetHints":{"allow":["GET"]}}],"collection":[{"href":"https:\/\/oficio.com.co\/en\/wp-json\/wp\/v2\/product"}],"about":[{"href":"https:\/\/oficio.com.co\/en\/wp-json\/wp\/v2\/types\/product"}],"wp:featuredmedia":[{"embeddable":true,"href":"https:\/\/oficio.com.co\/en\/wp-json\/wp\/v2\/media\/3050"}],"wp:attachment":[{"href":"https:\/\/oficio.com.co\/en\/wp-json\/wp\/v2\/media?parent=2810"}],"wp:term":[{"taxonomy":"product_brand","embeddable":true,"href":"https:\/\/oficio.com.co\/en\/wp-json\/wp\/v2\/product_brand?post=2810"},{"taxonomy":"product_cat","embeddable":true,"href":"https:\/\/oficio.com.co\/en\/wp-json\/wp\/v2\/product_cat?post=2810"},{"taxonomy":"product_tag","embeddable":true,"href":"https:\/\/oficio.com.co\/en\/wp-json\/wp\/v2\/product_tag?post=2810"}],"curies":[{"name":"wp","href":"https:\/\/api.w.org\/{rel}","templated":true}]}}