{"id":2848,"date":"2023-10-17T18:18:53","date_gmt":"2023-10-17T23:18:53","guid":{"rendered":"https:\/\/oficio.com.co\/?post_type=product&#038;p=2848"},"modified":"2025-04-08T10:45:58","modified_gmt":"2025-04-08T15:45:58","slug":"tapete-la-loma-circular","status":"publish","type":"product","link":"https:\/\/oficio.com.co\/en\/tienda\/tapetes\/tapete-la-loma-circular\/","title":{"rendered":"Tapete La Loma Circular"},"content":{"rendered":"<p>Todos nuestros precios incluyen IVA.<\/p>\n<p><strong>Material:<\/strong>\u00a0Lana de oveja 100%.<\/p>\n<p><strong>T\u00e9cnica:<\/strong>\u00a0Tejedur\u00eda.<\/p>\n<p><strong>Origen:<\/strong>\u00a0Boyac\u00e1 o Cundinamarca.<\/p>\n<p><strong>Detalles:<\/strong>\u00a0Refuerzo en el tejido.<\/p>\n<p><strong>Tiempo de entrega:<\/strong>\u00a0Este producto est\u00e1 disponible para reserva. La fabricaci\u00f3n bajo pedido tarda 7 semanas en entregarse dentro de Colombia. Para env\u00edos internacionales se adiciona una semana.<\/p>\n<p>Para productos con stock disponible, el tiempo de entrega en Colombia es de 2 a 3 d\u00edas h\u00e1biles. Para pedidos internacionales aplican tiempos seg\u00fan el destino, m\u00e1ximo 10 d\u00edas para productos con stock disponible.<\/p>\n<p><strong>Cuidados:<\/strong><\/p>\n<p>Para prolongar la vida de esta pieza recomendamos:<\/p>\n<p>. Lavar a mano con agua fr\u00eda y secar al aire libre. Nunca usar lavadora ni secadora. Esto podr\u00eda deformar el tejido o modificar su color.<\/p>\n<p>. Usar lavado profesional para piezas de gran tama\u00f1o y alto tr\u00e1fico.<\/p>\n<p>. Si aparecen hilos sueltos, igualar estos hilos con tijeras o llevarlos atr\u00e1s con pinzas cuidadosamente.<\/p>\n<p>. Utilizar en espacios interiores \u00fanicamente.<\/p>\n<p>. En caso de tener una mancha actuar de forma inmediata, evitar que la mancha se seque, limpiar con agua fr\u00eda y jab\u00f3n suave de afuera hacia adentro para no propagar la suciedad . Hacer una prueba en una esquina antes de aplicar.<\/p>","protected":false},"excerpt":{"rendered":"<p>Tapete circular tejido a mano en telar con lana de oveja 100%. Tejido plano con refuerzo.<\/p>","protected":false},"featured_media":3034,"template":"","meta":[],"product_brand":[],"product_cat":[145],"product_tag":[],"class_list":{"0":"post-2848","1":"product","2":"type-product","3":"status-publish","4":"has-post-thumbnail","6":"product_cat-tapetes","7":"pa_tamano-circular-home-300-m","8":"pa_tamano-circular-loft-200-m","9":"pa_tamano-circular-room-140-m","11":"first","12":"onbackorder","13":"shipping-taxable","14":"purchasable","15":"product-type-variable","16":"has-default-attributes"},"_links":{"self":[{"href":"https:\/\/oficio.com.co\/en\/wp-json\/wp\/v2\/product\/2848","targetHints":{"allow":["GET"]}}],"collection":[{"href":"https:\/\/oficio.com.co\/en\/wp-json\/wp\/v2\/product"}],"about":[{"href":"https:\/\/oficio.com.co\/en\/wp-json\/wp\/v2\/types\/product"}],"wp:featuredmedia":[{"embeddable":true,"href":"https:\/\/oficio.com.co\/en\/wp-json\/wp\/v2\/media\/3034"}],"wp:attachment":[{"href":"https:\/\/oficio.com.co\/en\/wp-json\/wp\/v2\/media?parent=2848"}],"wp:term":[{"taxonomy":"product_brand","embeddable":true,"href":"https:\/\/oficio.com.co\/en\/wp-json\/wp\/v2\/product_brand?post=2848"},{"taxonomy":"product_cat","embeddable":true,"href":"https:\/\/oficio.com.co\/en\/wp-json\/wp\/v2\/product_cat?post=2848"},{"taxonomy":"product_tag","embeddable":true,"href":"https:\/\/oficio.com.co\/en\/wp-json\/wp\/v2\/product_tag?post=2848"}],"curies":[{"name":"wp","href":"https:\/\/api.w.org\/{rel}","templated":true}]}}