{"id":314,"date":"2022-06-29T22:57:49","date_gmt":"2022-06-30T03:57:49","guid":{"rendered":"https:\/\/oficio.com.co\/?post_type=product&#038;p=314"},"modified":"2025-04-08T16:25:59","modified_gmt":"2025-04-08T21:25:59","slug":"tapete-poniente","status":"publish","type":"product","link":"https:\/\/oficio.com.co\/en\/tienda\/tapetes\/tapete-poniente\/","title":{"rendered":"Tapete Poniente"},"content":{"rendered":"<p>Todos nuestros precios incluyen IVA.<\/p>\n<p><strong>Material:<\/strong> Lana de oveja 100%.<\/p>\n<p><strong>T\u00e9cnica:<\/strong> Tejedur\u00eda.<\/p>\n<p><strong>Origen:<\/strong> Boyac\u00e1 o Cundinamarca.<\/p>\n<p><strong>Detalles:<\/strong> Nudo.<\/p>\n<p><strong>Tiempo de entrega:<\/strong> Este producto est\u00e1 disponible para reserva. La fabricaci\u00f3n bajo pedido tarda 7 semanas en entregarse dentro de Colombia. Para env\u00edos internacionales se adiciona una semana.<\/p>\n<p>Para productos con stock disponible, el tiempo de entrega en Colombia es de 2 a 3 d\u00edas h\u00e1biles. Para pedidos internacionales aplican tiempos seg\u00fan el destino, m\u00e1ximo 10 d\u00edas para productos con stock disponible.<\/p>\n<p><strong>Cuidados:<\/strong><\/p>\n<p><span style=\"font-weight: 400;\">Para prolongar la vida de esta pieza recomendamos:<\/span><\/p>\n<p><span style=\"font-weight: 400;\">. Lavar a mano con agua fr\u00eda y secar al aire libre. Nunca usar lavadora ni secadora. Esto podr\u00eda deformar el tejido o modificar su color.<\/span><\/p>\n<p><span style=\"font-weight: 400;\">. Usar lavado profesional para piezas de gran tama\u00f1o y alto tr\u00e1fico.<\/span><\/p>\n<p><span style=\"font-weight: 400;\">\u00a0<\/span><span style=\"font-weight: 400;\">. Si aparecen hilos sueltos, igualar estos hilos con tijeras o llevarlos atr\u00e1s con pinzas cuidadosamente.<\/span><\/p>\n<p><span style=\"font-weight: 400;\">. Utilizar en espacios interiores \u00fanicamente.<\/span><\/p>\n<p><span style=\"font-weight: 400;\">. En caso de tener una mancha actuar de forma inmediata, evitar que la mancha se seque, limpiar con agua fr\u00eda y jab\u00f3n suave de afuera hacia adentro para no propagar la suciedad . Hacer una prueba en una esquina antes de aplicar.<\/span><\/p>","protected":false},"excerpt":{"rendered":"<p>Tapete tejido a mano en telar con lana de oveja 100%. Tejido tipo nudo.<\/p>","protected":false},"featured_media":2941,"template":"","meta":[],"product_brand":[],"product_cat":[145],"product_tag":[168],"class_list":{"0":"post-314","1":"product","2":"type-product","3":"status-publish","4":"has-post-thumbnail","6":"product_cat-tapetes","7":"product_tag-clasico","8":"pa_tamano-home-260-m-x-180-m","9":"pa_tamano-loft-190-m-x-130-m","10":"pa_tamano-room-140-cm-x-80-cm","12":"first","13":"onbackorder","14":"shipping-taxable","15":"purchasable","16":"product-type-variable","17":"has-default-attributes"},"_links":{"self":[{"href":"https:\/\/oficio.com.co\/en\/wp-json\/wp\/v2\/product\/314","targetHints":{"allow":["GET"]}}],"collection":[{"href":"https:\/\/oficio.com.co\/en\/wp-json\/wp\/v2\/product"}],"about":[{"href":"https:\/\/oficio.com.co\/en\/wp-json\/wp\/v2\/types\/product"}],"wp:featuredmedia":[{"embeddable":true,"href":"https:\/\/oficio.com.co\/en\/wp-json\/wp\/v2\/media\/2941"}],"wp:attachment":[{"href":"https:\/\/oficio.com.co\/en\/wp-json\/wp\/v2\/media?parent=314"}],"wp:term":[{"taxonomy":"product_brand","embeddable":true,"href":"https:\/\/oficio.com.co\/en\/wp-json\/wp\/v2\/product_brand?post=314"},{"taxonomy":"product_cat","embeddable":true,"href":"https:\/\/oficio.com.co\/en\/wp-json\/wp\/v2\/product_cat?post=314"},{"taxonomy":"product_tag","embeddable":true,"href":"https:\/\/oficio.com.co\/en\/wp-json\/wp\/v2\/product_tag?post=314"}],"curies":[{"name":"wp","href":"https:\/\/api.w.org\/{rel}","templated":true}]}}