{"id":3411,"date":"2024-05-08T16:58:00","date_gmt":"2024-05-08T21:58:00","guid":{"rendered":"https:\/\/oficio.com.co\/?post_type=product&#038;p=3411"},"modified":"2025-04-28T18:21:32","modified_gmt":"2025-04-28T23:21:32","slug":"tejido-para-pared","status":"publish","type":"product","link":"https:\/\/oficio.com.co\/en\/tienda\/pared\/tejido-para-pared\/","title":{"rendered":"Aposento Tejido para pared"},"content":{"rendered":"<p>Todos nuestros precios incluyen IVA.<\/p>\n<p><strong>Material:<\/strong> Lana de oveja 100%<\/p>\n<p><strong>Tipo de tejido:<\/strong> Plano\/ nudo.<\/p>\n<p><strong>T\u00e9cnica:<\/strong> Tejedur\u00eda.<\/p>\n<p><strong>Origen:<\/strong> Cundinamarca y Antioquia.<\/p>\n<p><strong> Detalles:<\/strong> Esta pieza viene enmarcada en madera natural.<\/p>\n<p><strong>Tiempo de entrega:<\/strong> Este \u00edtem puede tardar hasta 30 d\u00edas h\u00e1biles en ser enviado.<\/p>\n<p><strong>Cuidados:<\/strong> Para uso en interiores \u00fanicamente. Retirar el polvo cuidadosamente con un trapo limpio. La pieza no puede ser separada del marco.<\/p>","protected":false},"excerpt":{"rendered":"<p>Pieza tejida en lana 100% para ubicar en paredes.<\/p>","protected":false},"featured_media":4359,"template":"","meta":[],"product_brand":[],"product_cat":[147],"product_tag":[],"class_list":{"0":"post-3411","1":"product","2":"type-product","3":"status-publish","4":"has-post-thumbnail","6":"product_cat-pared","7":"pa_color-azul","8":"pa_color-cafe-claro","9":"pa_color-lila","11":"first","12":"onbackorder","13":"shipping-taxable","14":"purchasable","15":"product-type-variable"},"_links":{"self":[{"href":"https:\/\/oficio.com.co\/en\/wp-json\/wp\/v2\/product\/3411","targetHints":{"allow":["GET"]}}],"collection":[{"href":"https:\/\/oficio.com.co\/en\/wp-json\/wp\/v2\/product"}],"about":[{"href":"https:\/\/oficio.com.co\/en\/wp-json\/wp\/v2\/types\/product"}],"wp:featuredmedia":[{"embeddable":true,"href":"https:\/\/oficio.com.co\/en\/wp-json\/wp\/v2\/media\/4359"}],"wp:attachment":[{"href":"https:\/\/oficio.com.co\/en\/wp-json\/wp\/v2\/media?parent=3411"}],"wp:term":[{"taxonomy":"product_brand","embeddable":true,"href":"https:\/\/oficio.com.co\/en\/wp-json\/wp\/v2\/product_brand?post=3411"},{"taxonomy":"product_cat","embeddable":true,"href":"https:\/\/oficio.com.co\/en\/wp-json\/wp\/v2\/product_cat?post=3411"},{"taxonomy":"product_tag","embeddable":true,"href":"https:\/\/oficio.com.co\/en\/wp-json\/wp\/v2\/product_tag?post=3411"}],"curies":[{"name":"wp","href":"https:\/\/api.w.org\/{rel}","templated":true}]}}