{"id":4257,"date":"2024-12-14T14:46:18","date_gmt":"2024-12-14T19:46:18","guid":{"rendered":"https:\/\/oficio.com.co\/?post_type=product&#038;p=4257"},"modified":"2026-01-27T16:09:43","modified_gmt":"2026-01-27T21:09:43","slug":"set-jarra-mini-vaso-rio-en-vidrio","status":"publish","type":"product","link":"https:\/\/oficio.com.co\/en\/tienda\/entrega-inmediata\/set-jarra-mini-vaso-rio-en-vidrio\/","title":{"rendered":"Set Jarra Mini + vaso R\u00edo en Vidrio"},"content":{"rendered":"<p><strong>Material:<\/strong> Vidrio reciclado.<\/p>\n<p><strong>T\u00e9cnica:<\/strong> Vidrio Soplado.<\/p>\n<p><strong>Origen:<\/strong> Cundinamarca.<\/p>\n<p><strong>Detalles:<\/strong> Apto para l\u00edquidos y bebidas.<\/p>\n<p><strong>Tiempo de entrega:<\/strong> Para productos con stock disponible, el tiempo de entrega en Colombia es de 3 a 5 d\u00edas h\u00e1biles. Para pedidos internacionales aplican tiempos seg\u00fan el destino, m\u00e1ximo 10 d\u00edas para productos con stock disponible.<\/p>\n<p><strong>Cuidados:<\/strong> Lavar a mano con esponja suave, agua y jab\u00f3n. Secar al aire libre. Uso utilitario en mesa y cocina. Resistente a l\u00edquidos. No soporta fuego directo. No congelar ni exponer a cambios de temperatura bruscos ya que pueden quebrar la pieza por choque t\u00e9rmico.<\/p>","protected":false},"excerpt":{"rendered":"<p>Set de Jarra Mini y vaso elaborados manualmente en vidrio soplado reciclado.<\/p>","protected":false},"featured_media":4458,"template":"","meta":[],"product_brand":[],"product_cat":[169,139],"product_tag":[],"class_list":{"0":"post-4257","1":"product","2":"type-product","3":"status-publish","4":"has-post-thumbnail","6":"product_cat-entrega-inmediata","7":"product_cat-vidrio","8":"product_shipping_class-paquete-s-colombia","9":"pa_color-azul-cobalto","10":"pa_color-transparente","12":"first","13":"instock","14":"shipping-taxable","15":"purchasable","16":"product-type-variable"},"_links":{"self":[{"href":"https:\/\/oficio.com.co\/en\/wp-json\/wp\/v2\/product\/4257","targetHints":{"allow":["GET"]}}],"collection":[{"href":"https:\/\/oficio.com.co\/en\/wp-json\/wp\/v2\/product"}],"about":[{"href":"https:\/\/oficio.com.co\/en\/wp-json\/wp\/v2\/types\/product"}],"wp:featuredmedia":[{"embeddable":true,"href":"https:\/\/oficio.com.co\/en\/wp-json\/wp\/v2\/media\/4458"}],"wp:attachment":[{"href":"https:\/\/oficio.com.co\/en\/wp-json\/wp\/v2\/media?parent=4257"}],"wp:term":[{"taxonomy":"product_brand","embeddable":true,"href":"https:\/\/oficio.com.co\/en\/wp-json\/wp\/v2\/product_brand?post=4257"},{"taxonomy":"product_cat","embeddable":true,"href":"https:\/\/oficio.com.co\/en\/wp-json\/wp\/v2\/product_cat?post=4257"},{"taxonomy":"product_tag","embeddable":true,"href":"https:\/\/oficio.com.co\/en\/wp-json\/wp\/v2\/product_tag?post=4257"}],"curies":[{"name":"wp","href":"https:\/\/api.w.org\/{rel}","templated":true}]}}