{"id":4351,"date":"2025-04-28T17:34:57","date_gmt":"2025-04-28T22:34:57","guid":{"rendered":"https:\/\/oficio.com.co\/?post_type=product&#038;p=4351"},"modified":"2025-05-21T14:50:18","modified_gmt":"2025-05-21T19:50:18","slug":"tejido-para-pared-2","status":"publish","type":"product","link":"https:\/\/oficio.com.co\/en\/tienda\/pared\/tejido-para-pared-2\/","title":{"rendered":"La Ceiba Tejido para pared"},"content":{"rendered":"<p>Todos nuestros precios incluyen IVA.<\/p>\n<p><strong>Material:<\/strong> Lana sint\u00e9tica.<\/p>\n<p><strong>Tipo de tejido:<\/strong> Plano.<\/p>\n<p><strong>T\u00e9cnica:<\/strong> Bordado.<\/p>\n<p><strong>Origen:<\/strong> La Guajira<\/p>\n<p><strong> Detalles:<\/strong> Esta pieza viene enmarcada en madera natural.<\/p>\n<p><strong>Tiempo de entrega:<\/strong> Este \u00edtem puede tardar hasta 30 d\u00edas h\u00e1biles en ser enviado.<\/p>\n<p><strong>Cuidados:<\/strong> Para uso en interiores \u00fanicamente. Retirar el polvo cuidadosamente con un trapo limpio. La pieza no puede ser separada del marco.<\/p>","protected":false},"excerpt":{"rendered":"<p>Pieza bordada con marco de madera natural.<\/p>","protected":false},"featured_media":4353,"template":"","meta":[],"product_brand":[],"product_cat":[147],"product_tag":[],"class_list":{"0":"post-4351","1":"product","2":"type-product","3":"status-publish","4":"has-post-thumbnail","6":"product_cat-pared","7":"product_shipping_class-paquete-m-colombia","8":"pa_tamano-wall-room-140-cm-x-80-cm","10":"first","11":"onbackorder","12":"shipping-taxable","13":"purchasable","14":"product-type-variable"},"_links":{"self":[{"href":"https:\/\/oficio.com.co\/en\/wp-json\/wp\/v2\/product\/4351","targetHints":{"allow":["GET"]}}],"collection":[{"href":"https:\/\/oficio.com.co\/en\/wp-json\/wp\/v2\/product"}],"about":[{"href":"https:\/\/oficio.com.co\/en\/wp-json\/wp\/v2\/types\/product"}],"wp:featuredmedia":[{"embeddable":true,"href":"https:\/\/oficio.com.co\/en\/wp-json\/wp\/v2\/media\/4353"}],"wp:attachment":[{"href":"https:\/\/oficio.com.co\/en\/wp-json\/wp\/v2\/media?parent=4351"}],"wp:term":[{"taxonomy":"product_brand","embeddable":true,"href":"https:\/\/oficio.com.co\/en\/wp-json\/wp\/v2\/product_brand?post=4351"},{"taxonomy":"product_cat","embeddable":true,"href":"https:\/\/oficio.com.co\/en\/wp-json\/wp\/v2\/product_cat?post=4351"},{"taxonomy":"product_tag","embeddable":true,"href":"https:\/\/oficio.com.co\/en\/wp-json\/wp\/v2\/product_tag?post=4351"}],"curies":[{"name":"wp","href":"https:\/\/api.w.org\/{rel}","templated":true}]}}