{"id":4445,"date":"2025-10-31T09:10:23","date_gmt":"2025-10-31T14:10:23","guid":{"rendered":"https:\/\/oficio.com.co\/?post_type=product&#038;p=4445"},"modified":"2026-03-18T09:09:28","modified_gmt":"2026-03-18T14:09:28","slug":"set-jarron-penas-plato","status":"publish","type":"product","link":"https:\/\/oficio.com.co\/en\/tienda\/barro\/set-jarron-penas-plato\/","title":{"rendered":"Set Jarr\u00f3n Pe\u00f1as + Plato"},"content":{"rendered":"<p><strong>Material:<\/strong> Arcilla Roja<\/p>\n<p><strong>T\u00e9cnica:<\/strong> Alfarer\u00eda.<\/p>\n<p><strong>Origen:<\/strong> R\u00e1quira, Boyac\u00e1<\/p>\n<p><strong>Detalles:<\/strong> Interior esmaltado, apto para l\u00edquidos.<\/p>\n<p><strong>Tiempo de entrega:<\/strong> Para productos con stock disponible, el tiempo de entrega en Colombia es de 2 a 3 d\u00edas h\u00e1biles. Para pedidos internacionales aplican tiempos seg\u00fan el destino, m\u00e1ximo 10 d\u00edas para productos con stock disponible.<\/p>\n<p><strong>Cuidados:<\/strong><\/p>\n<p><span style=\"font-weight: 400;\">Para prolongar la vida de esta pieza recomendamos:<\/span><\/p>\n<p><span style=\"font-weight: 400;\">. Lavar a mano con esponja suave, agua y jab\u00f3n de platos, secar al aire libre. No usar lavavajillas.<\/span><\/p>\n<p><span style=\"font-weight: 400;\">. Uso utilitario en mesa y cocina.<\/span><\/p>\n<p><span style=\"font-weight: 400;\">. Resistente a l\u00edquidos. En algunos casos puede presentar filtraciones, esto se debe a la porosidad del material.<\/span><\/p>\n<p><span style=\"font-weight: 400;\">. Resistente a horno microondas.<\/span><\/p>","protected":false},"excerpt":{"rendered":"<p>Jarr\u00f3n en barro esmaltado interiormente. Plato redondo de base en barro, esmaltado por dentro.<\/p>","protected":false},"featured_media":3427,"template":"","meta":[],"product_brand":[],"product_cat":[27,169,152],"product_tag":[],"class_list":{"0":"post-4445","1":"product","2":"type-product","3":"status-publish","4":"has-post-thumbnail","6":"product_cat-barro","7":"product_cat-entrega-inmediata","8":"product_cat-jarrones","9":"product_shipping_class-paquete-s-colombia","10":"pa_tamano-16-x-16-x-24","12":"first","13":"instock","14":"shipping-taxable","15":"purchasable","16":"product-type-variable"},"_links":{"self":[{"href":"https:\/\/oficio.com.co\/en\/wp-json\/wp\/v2\/product\/4445","targetHints":{"allow":["GET"]}}],"collection":[{"href":"https:\/\/oficio.com.co\/en\/wp-json\/wp\/v2\/product"}],"about":[{"href":"https:\/\/oficio.com.co\/en\/wp-json\/wp\/v2\/types\/product"}],"wp:featuredmedia":[{"embeddable":true,"href":"https:\/\/oficio.com.co\/en\/wp-json\/wp\/v2\/media\/3427"}],"wp:attachment":[{"href":"https:\/\/oficio.com.co\/en\/wp-json\/wp\/v2\/media?parent=4445"}],"wp:term":[{"taxonomy":"product_brand","embeddable":true,"href":"https:\/\/oficio.com.co\/en\/wp-json\/wp\/v2\/product_brand?post=4445"},{"taxonomy":"product_cat","embeddable":true,"href":"https:\/\/oficio.com.co\/en\/wp-json\/wp\/v2\/product_cat?post=4445"},{"taxonomy":"product_tag","embeddable":true,"href":"https:\/\/oficio.com.co\/en\/wp-json\/wp\/v2\/product_tag?post=4445"}],"curies":[{"name":"wp","href":"https:\/\/api.w.org\/{rel}","templated":true}]}}