{"id":670,"date":"2022-07-12T05:22:48","date_gmt":"2022-07-12T10:22:48","guid":{"rendered":"https:\/\/oficio.com.co\/?post_type=product&#038;p=670"},"modified":"2025-04-08T16:23:20","modified_gmt":"2025-04-08T21:23:20","slug":"tapiz-andes","status":"publish","type":"product","link":"https:\/\/oficio.com.co\/en\/tienda\/pared\/tapiz-andes\/","title":{"rendered":"Tapiz Andes"},"content":{"rendered":"<p>Todos nuestros precios incluyen IVA.<\/p>\n<p><strong>Material:<\/strong> Lana de oveja 100%<\/p>\n<p><strong>Tipo de tejido:<\/strong> Plano.<\/p>\n<p><strong>T\u00e9cnica:<\/strong> Tejedur\u00eda.<\/p>\n<p><strong>Origen:<\/strong> Cundinamarca.<\/p>\n<p><strong> Detalles:<\/strong> Incluye barra de roble de 90 cm en tama\u00f1o wall Room y de 200 cm en tama\u00f1o Wall Loft para su instalaci\u00f3n.<\/p>\n<p><strong>Tiempo de entrega:<\/strong> Este \u00edtem puede tardar hasta 30 d\u00edas h\u00e1biles en ser enviado.<\/p>\n<p><strong>Cuidados:<\/strong> Para uso en interiores \u00fanicamente. Se recomienda lavado profesional. Utilizar siempre agua fr\u00eda, lavar a mano y secar al aire libre. Nunca utilizar lavadora, puede da\u00f1ar el tejido. Girar la pieza varias veces al a\u00f1o para obtener un deterioro uniforme de la pieza.<\/p>","protected":false},"excerpt":{"rendered":"<p>Tapiz de pared tejido a mano en telar con lana de oveja 100%.<\/p>","protected":false},"featured_media":2957,"template":"","meta":[],"product_brand":[],"product_cat":[147],"product_tag":[],"class_list":{"0":"post-670","1":"product","2":"type-product","3":"status-publish","4":"has-post-thumbnail","6":"product_cat-pared","7":"product_shipping_class-paquete-m-colombia","8":"pa_tamano-wall-loft-190-cm-x-130-cm","9":"pa_tamano-wall-room-140-cm-x-80-cm","11":"first","12":"onbackorder","13":"shipping-taxable","14":"purchasable","15":"product-type-variable"},"_links":{"self":[{"href":"https:\/\/oficio.com.co\/en\/wp-json\/wp\/v2\/product\/670","targetHints":{"allow":["GET"]}}],"collection":[{"href":"https:\/\/oficio.com.co\/en\/wp-json\/wp\/v2\/product"}],"about":[{"href":"https:\/\/oficio.com.co\/en\/wp-json\/wp\/v2\/types\/product"}],"wp:featuredmedia":[{"embeddable":true,"href":"https:\/\/oficio.com.co\/en\/wp-json\/wp\/v2\/media\/2957"}],"wp:attachment":[{"href":"https:\/\/oficio.com.co\/en\/wp-json\/wp\/v2\/media?parent=670"}],"wp:term":[{"taxonomy":"product_brand","embeddable":true,"href":"https:\/\/oficio.com.co\/en\/wp-json\/wp\/v2\/product_brand?post=670"},{"taxonomy":"product_cat","embeddable":true,"href":"https:\/\/oficio.com.co\/en\/wp-json\/wp\/v2\/product_cat?post=670"},{"taxonomy":"product_tag","embeddable":true,"href":"https:\/\/oficio.com.co\/en\/wp-json\/wp\/v2\/product_tag?post=670"}],"curies":[{"name":"wp","href":"https:\/\/api.w.org\/{rel}","templated":true}]}}