{"id":853,"date":"2022-07-21T15:03:13","date_gmt":"2022-07-21T20:03:13","guid":{"rendered":"https:\/\/oficio.com.co\/?post_type=product&#038;p=853"},"modified":"2026-01-30T19:26:47","modified_gmt":"2026-01-31T00:26:47","slug":"vaso","status":"publish","type":"product","link":"https:\/\/oficio.com.co\/en\/tienda\/barro\/vaso\/","title":{"rendered":"Vaso en barro"},"content":{"rendered":"<p>Todos nuestros precios incluyen IVA.<\/p>\n<p><strong>Material:<\/strong> Arcilla Roja<\/p>\n<p><strong>T\u00e9cnica:<\/strong> Alfarer\u00eda.<\/p>\n<p><strong>Origen:<\/strong> R\u00e1quira, Boyac\u00e1<\/p>\n<p><strong>Detalles:<\/strong> Interior esmaltado, apto para l\u00edquidos y bebidas.<\/p>\n<p><strong>Tiempo de entrega:<\/strong> Para productos con stock disponible, el tiempo de entrega en Colombia es de 2 a 3 d\u00edas h\u00e1biles. Para pedidos internacionales aplican tiempos seg\u00fan el destino, m\u00e1ximo 10 d\u00edas para productos con stock disponible.<\/p>\n<p><strong>Cuidados:<\/strong> Lavar a mano con esponja suave, agua y jab\u00f3n. Secar al aire libre. Uso utilitario en mesa y cocina. Resistente a l\u00edquidos, en algunos casos puede presentar filtraci\u00f3n de l\u00edquido leve, esto se debe a la porosidad del material. Resistente a horno microondas. No soporta fuego directo.<\/p>","protected":false},"excerpt":{"rendered":"<p>Pieza en barro rojo modelada manualmente. Interior esmaltado en color natural. Acabado exterior r\u00fastico.<\/p>","protected":false},"featured_media":2512,"template":"","meta":[],"product_brand":[],"product_cat":[27,169],"product_tag":[],"class_list":{"0":"post-853","1":"product","2":"type-product","3":"status-publish","4":"has-post-thumbnail","6":"product_cat-barro","7":"product_cat-entrega-inmediata","8":"product_shipping_class-paquete-s-colombia","9":"pa_tamano-9-cm-x-9-cm-x-12-cm","11":"first","12":"instock","13":"shipping-taxable","14":"purchasable","15":"product-type-variable","16":"has-default-attributes"},"_links":{"self":[{"href":"https:\/\/oficio.com.co\/en\/wp-json\/wp\/v2\/product\/853","targetHints":{"allow":["GET"]}}],"collection":[{"href":"https:\/\/oficio.com.co\/en\/wp-json\/wp\/v2\/product"}],"about":[{"href":"https:\/\/oficio.com.co\/en\/wp-json\/wp\/v2\/types\/product"}],"wp:featuredmedia":[{"embeddable":true,"href":"https:\/\/oficio.com.co\/en\/wp-json\/wp\/v2\/media\/2512"}],"wp:attachment":[{"href":"https:\/\/oficio.com.co\/en\/wp-json\/wp\/v2\/media?parent=853"}],"wp:term":[{"taxonomy":"product_brand","embeddable":true,"href":"https:\/\/oficio.com.co\/en\/wp-json\/wp\/v2\/product_brand?post=853"},{"taxonomy":"product_cat","embeddable":true,"href":"https:\/\/oficio.com.co\/en\/wp-json\/wp\/v2\/product_cat?post=853"},{"taxonomy":"product_tag","embeddable":true,"href":"https:\/\/oficio.com.co\/en\/wp-json\/wp\/v2\/product_tag?post=853"}],"curies":[{"name":"wp","href":"https:\/\/api.w.org\/{rel}","templated":true}]}}