{"id":860,"date":"2022-07-21T15:45:14","date_gmt":"2022-07-21T20:45:14","guid":{"rendered":"https:\/\/oficio.com.co\/?post_type=product&#038;p=860"},"modified":"2025-11-15T13:57:41","modified_gmt":"2025-11-15T18:57:41","slug":"evasion","status":"publish","type":"product","link":"https:\/\/oficio.com.co\/en\/tienda\/esculturas\/evasion\/","title":{"rendered":"Evasi\u00f3n"},"content":{"rendered":"<p><strong>Material:<\/strong> Madera de urap\u00e1n o sauce, seg\u00fan lote de producci\u00f3n.<\/p>\n<p><strong>Detalles:<\/strong> Pintura en tinte o vinilo.<\/p>\n<p><strong>T\u00e9cnica:<\/strong> Talla en madera maciza.<\/p>\n<p><strong>Origen:<\/strong> Putumayo.<\/p>\n<p><b>Tiempo de entrega:<\/b> Para productos con stock disponible, el tiempo de entrega en Colombia es de 2 a 3 d\u00edas h\u00e1biles. Para pedidos de fabricaci\u00f3n, este \u00edtem puede tardar hasta 30 d\u00edas h\u00e1biles en ser enviado. Para pedidos internacionales aplican tiempos seg\u00fan el destino, m\u00e1ximo 10 d\u00edas para productos con stock disponible.<\/p>\n<p><strong>Cuidados:<\/strong> Mantener en un lugar fresco. Limpiar el polvo con un trapo suave sin humedecer, Evitar el sol directo. Utilizar en espacios interiores \u00fanicamente.<\/p>","protected":false},"excerpt":{"rendered":"<p>Pieza en madera tallada a mano por artesanos de la comunidad Kaments\u00e1 en el Putumayo.<\/p>","protected":false},"featured_media":2451,"template":"","meta":[],"product_brand":[],"product_cat":[19],"product_tag":[],"class_list":{"0":"post-860","1":"product","2":"type-product","3":"status-publish","4":"has-post-thumbnail","6":"product_cat-esculturas","7":"product_shipping_class-paquete-s-colombia","8":"pa_color-azul","9":"pa_color-terracota","11":"first","12":"outofstock","13":"shipping-taxable","14":"purchasable","15":"product-type-variable"},"_links":{"self":[{"href":"https:\/\/oficio.com.co\/en\/wp-json\/wp\/v2\/product\/860","targetHints":{"allow":["GET"]}}],"collection":[{"href":"https:\/\/oficio.com.co\/en\/wp-json\/wp\/v2\/product"}],"about":[{"href":"https:\/\/oficio.com.co\/en\/wp-json\/wp\/v2\/types\/product"}],"wp:featuredmedia":[{"embeddable":true,"href":"https:\/\/oficio.com.co\/en\/wp-json\/wp\/v2\/media\/2451"}],"wp:attachment":[{"href":"https:\/\/oficio.com.co\/en\/wp-json\/wp\/v2\/media?parent=860"}],"wp:term":[{"taxonomy":"product_brand","embeddable":true,"href":"https:\/\/oficio.com.co\/en\/wp-json\/wp\/v2\/product_brand?post=860"},{"taxonomy":"product_cat","embeddable":true,"href":"https:\/\/oficio.com.co\/en\/wp-json\/wp\/v2\/product_cat?post=860"},{"taxonomy":"product_tag","embeddable":true,"href":"https:\/\/oficio.com.co\/en\/wp-json\/wp\/v2\/product_tag?post=860"}],"curies":[{"name":"wp","href":"https:\/\/api.w.org\/{rel}","templated":true}]}}